{"id":9749,"date":"2023-02-06T21:23:25","date_gmt":"2023-02-06T20:23:25","guid":{"rendered":"http:\/\/www.bartenbeach.de\/?page_id=9749"},"modified":"2023-03-17T14:11:37","modified_gmt":"2023-03-17T13:11:37","slug":"volleyball-test-3","status":"publish","type":"page","link":"https:\/\/www.bartenbeach.de\/?page_id=9749","title":{"rendered":"Jugend weiblich"},"content":{"rendered":"\n<figure class=\"wp-block-image size-large\"><a href=\"https:\/\/www.bartenbeach.de\/wp-content\/uploads\/2023\/02\/A7BF598E-D3C6-46A6-930F-B252E392E642.jpeg\"><img loading=\"lazy\" decoding=\"async\" width=\"550\" height=\"1024\" src=\"https:\/\/www.bartenbeach.de\/wp-content\/uploads\/2023\/02\/A7BF598E-D3C6-46A6-930F-B252E392E642-550x1024.jpeg\" alt=\"\" class=\"wp-image-9844\" srcset=\"https:\/\/www.bartenbeach.de\/wp-content\/uploads\/2023\/02\/A7BF598E-D3C6-46A6-930F-B252E392E642-550x1024.jpeg 550w, https:\/\/www.bartenbeach.de\/wp-content\/uploads\/2023\/02\/A7BF598E-D3C6-46A6-930F-B252E392E642-161x300.jpeg 161w, https:\/\/www.bartenbeach.de\/wp-content\/uploads\/2023\/02\/A7BF598E-D3C6-46A6-930F-B252E392E642-768x1431.jpeg 768w, https:\/\/www.bartenbeach.de\/wp-content\/uploads\/2023\/02\/A7BF598E-D3C6-46A6-930F-B252E392E642-824x1536.jpeg 824w, https:\/\/www.bartenbeach.de\/wp-content\/uploads\/2023\/02\/A7BF598E-D3C6-46A6-930F-B252E392E642-1099x2048.jpeg 1099w, https:\/\/www.bartenbeach.de\/wp-content\/uploads\/2023\/02\/A7BF598E-D3C6-46A6-930F-B252E392E642.jpeg 1170w\" sizes=\"auto, (max-width: 550px) 100vw, 550px\" \/><\/a><\/figure>\n\n\n\n<p><strong>Training : Mittwoch  17:30 &#8211; 19:00 <\/strong> <\/p>\n\n\n\n<p><strong>Turn-  und Festhalle  in Bartenbach  <\/strong><\/p>\n\n\n\n<p><strong>11.03.2023  U 17 startet erfolgreich in die Saison <\/strong><\/p>\n\n\n\n<p><strong>TSVB &#8211; TSG Eislingen 0-2 ( 21-25\/19-25)<\/strong><\/p>\n\n\n\n<p><strong>TSVB &#8211; TSV Bernhausen  2-0 (25-8\/25-9)<\/strong><\/p>\n\n\n\n<p><strong>TSVB &#8211; TTV Dettingen  2-1 (25-19\/22-25\/15-12)<\/strong><\/p>\n\n\n\n<p>Am vergangenen Samstag reisten die M\u00e4dels nach Schlierbach zu ihrem ersten U 17 Spieltag. Gleich im ersten Spiel musste man gegen die TSG Eislingen bestehen. Die B\u00e4lle waren umk\u00e4mpft und beide  Mannschaften fast gleich auf. Leider hatte Eislingen ein wenig mehr Durchhalteverm\u00f6gen und gewann beide S\u00e4tze und somit das Spiel mit 25-21  und 25-19.<\/p>\n\n\n\n<p>Im zweiten Spiel stand Bernhausen gegen\u00fcber. Hier gl\u00e4nzte Nina mit starken Aufschl\u00e4gen. Deutlich gingen beide S\u00e4tze mit 25-8 und 25-9 an den TSV Bartenbach. Im letzten Spiel des Tages stand der TTV Dettingen gegen\u00fcber. Die erst 12 j\u00e4hrige Kateryna wuselte durchs Feld und zeigte viel Einsatz. Valerie konnte am Netz \u00fcberzeugen und Ida gab nie auf. Auch Taisiia k\u00e4mpfte um jeden Ball. So ging der erste Satz mit 25-19 an Bartenbach.  Den zweiten Satz gewann Dettingen mit 25-22. Den letzten Satz konnten die Bartenbacher f\u00fcr sich wieder verbuchen und gewannen  somit das Spiel mit 2-1 S\u00e4tzen. Zwei Siege in drei Spielen kann sich sehen lassen. <\/p>\n\n\n\n<p><\/p>\n\n\n\n<figure class=\"wp-block-image size-large\"><a href=\"https:\/\/www.bartenbeach.de\/wp-content\/uploads\/2023\/03\/0657916C-9B42-434D-9B29-4CE1B8A427EC.jpeg\"><img loading=\"lazy\" decoding=\"async\" width=\"768\" height=\"1024\" src=\"https:\/\/www.bartenbeach.de\/wp-content\/uploads\/2023\/03\/0657916C-9B42-434D-9B29-4CE1B8A427EC-768x1024.jpeg\" alt=\"\" class=\"wp-image-10034\" srcset=\"https:\/\/www.bartenbeach.de\/wp-content\/uploads\/2023\/03\/0657916C-9B42-434D-9B29-4CE1B8A427EC-768x1024.jpeg 768w, https:\/\/www.bartenbeach.de\/wp-content\/uploads\/2023\/03\/0657916C-9B42-434D-9B29-4CE1B8A427EC-225x300.jpeg 225w, https:\/\/www.bartenbeach.de\/wp-content\/uploads\/2023\/03\/0657916C-9B42-434D-9B29-4CE1B8A427EC-1152x1536.jpeg 1152w, https:\/\/www.bartenbeach.de\/wp-content\/uploads\/2023\/03\/0657916C-9B42-434D-9B29-4CE1B8A427EC.jpeg 1200w\" sizes=\"auto, (max-width: 768px) 100vw, 768px\" \/><\/a><figcaption class=\"wp-element-caption\">Taisiia, Nina,Ida, Valerie und Kateryna<\/figcaption><\/figure>\n","protected":false},"excerpt":{"rendered":"<p>Training : Mittwoch 17:30 &#8211; 19:00 Turn- und Festhalle in Bartenbach 11.03.2023 U 17 startet erfolgreich in die Saison TSVB &#8211; TSG Eislingen 0-2 ( 21-25\/19-25) TSVB &#8211; TSV Bernhausen 2-0 (25-8\/25-9) TSVB &#8211; TTV Dettingen 2-1 (25-19\/22-25\/15-12) Am vergangenen Samstag reisten die M\u00e4dels nach Schlierbach zu ihrem ersten U 17 Spieltag. Gleich im ersten &hellip; <a href=\"https:\/\/www.bartenbeach.de\/?page_id=9749\" class=\"more-link\"><span class=\"screen-reader-text\">Jugend weiblich<\/span> weiterlesen <span class=\"meta-nav\">&rarr;<\/span><\/a><\/p>\n","protected":false},"author":4,"featured_media":0,"parent":288,"menu_order":0,"comment_status":"closed","ping_status":"closed","template":"","meta":{"footnotes":""},"class_list":["post-9749","page","type-page","status-publish","hentry"],"_links":{"self":[{"href":"https:\/\/www.bartenbeach.de\/index.php?rest_route=\/wp\/v2\/pages\/9749","targetHints":{"allow":["GET"]}}],"collection":[{"href":"https:\/\/www.bartenbeach.de\/index.php?rest_route=\/wp\/v2\/pages"}],"about":[{"href":"https:\/\/www.bartenbeach.de\/index.php?rest_route=\/wp\/v2\/types\/page"}],"author":[{"embeddable":true,"href":"https:\/\/www.bartenbeach.de\/index.php?rest_route=\/wp\/v2\/users\/4"}],"replies":[{"embeddable":true,"href":"https:\/\/www.bartenbeach.de\/index.php?rest_route=%2Fwp%2Fv2%2Fcomments&post=9749"}],"version-history":[{"count":6,"href":"https:\/\/www.bartenbeach.de\/index.php?rest_route=\/wp\/v2\/pages\/9749\/revisions"}],"predecessor-version":[{"id":10038,"href":"https:\/\/www.bartenbeach.de\/index.php?rest_route=\/wp\/v2\/pages\/9749\/revisions\/10038"}],"up":[{"embeddable":true,"href":"https:\/\/www.bartenbeach.de\/index.php?rest_route=\/wp\/v2\/pages\/288"}],"wp:attachment":[{"href":"https:\/\/www.bartenbeach.de\/index.php?rest_route=%2Fwp%2Fv2%2Fmedia&parent=9749"}],"curies":[{"name":"wp","href":"https:\/\/api.w.org\/{rel}","templated":true}]}}