{"id":848,"date":"2012-03-09T09:27:46","date_gmt":"2012-03-09T08:27:46","guid":{"rendered":"http:\/\/www.bartenbeach.de\/?page_id=848"},"modified":"2022-11-20T11:33:02","modified_gmt":"2022-11-20T10:33:02","slug":"aktivenbereich","status":"publish","type":"page","link":"https:\/\/www.bartenbeach.de\/?page_id=848","title":{"rendered":"Aktivenbereich"},"content":{"rendered":"<p style=\"text-align: center;\"><a href=\"https:\/\/www.hvw-online.org\/spielbetrieb\/ergebnissetabellen#\/league?ogId=3&amp;lId=85791\" target=\"_blank\" rel=\"noopener\"><img loading=\"lazy\" decoding=\"async\" class=\"aligncenter wp-image-8494\" title=\"TSV Bartenbach M\u00e4nner 1\" src=\"https:\/\/www.bartenbeach.de\/wp-content\/uploads\/2020\/10\/Maenner-1-2020_21-1024x692.jpg\" alt=\"TSV M1\" width=\"340\" height=\"230\" srcset=\"https:\/\/www.bartenbeach.de\/wp-content\/uploads\/2020\/10\/Maenner-1-2020_21-1024x692.jpg 1024w, https:\/\/www.bartenbeach.de\/wp-content\/uploads\/2020\/10\/Maenner-1-2020_21-300x203.jpg 300w, https:\/\/www.bartenbeach.de\/wp-content\/uploads\/2020\/10\/Maenner-1-2020_21-768x519.jpg 768w, https:\/\/www.bartenbeach.de\/wp-content\/uploads\/2020\/10\/Maenner-1-2020_21.jpg 1080w\" sizes=\"auto, (max-width: 340px) 100vw, 340px\" \/><\/a><\/p>\n<p style=\"text-align: center;\">TSV Bartenbach M\u00e4nner 1<\/p>\n<p style=\"text-align: center;\"><a href=\"https:\/\/www.hvw-online.org\/spielbetrieb\/ergebnissetabellen#\/league?ogId=3&amp;lId=91191\" target=\"_blank\" rel=\"noopener\"><img loading=\"lazy\" decoding=\"async\" class=\"aligncenter wp-image-9560\" src=\"https:\/\/www.bartenbeach.de\/wp-content\/uploads\/2022\/11\/Frauen1-1024x683.jpeg\" alt=\"\" width=\"340\" height=\"227\" srcset=\"https:\/\/www.bartenbeach.de\/wp-content\/uploads\/2022\/11\/Frauen1-1024x683.jpeg 1024w, https:\/\/www.bartenbeach.de\/wp-content\/uploads\/2022\/11\/Frauen1-300x200.jpeg 300w, https:\/\/www.bartenbeach.de\/wp-content\/uploads\/2022\/11\/Frauen1-768x512.jpeg 768w, https:\/\/www.bartenbeach.de\/wp-content\/uploads\/2022\/11\/Frauen1-1536x1024.jpeg 1536w, https:\/\/www.bartenbeach.de\/wp-content\/uploads\/2022\/11\/Frauen1.jpeg 1600w\" sizes=\"auto, (max-width: 340px) 100vw, 340px\" \/><\/a><\/p>\n<p style=\"text-align: center;\">TSV Bartenbach Frauen 1<\/p>\n<p style=\"text-align: center;\"><a href=\"https:\/\/www.hvw-online.org\/spielbetrieb\/ergebnissetabellen#\/league?ogId=3&amp;lId=91206\" target=\"_blank\" rel=\"noopener\"><img loading=\"lazy\" decoding=\"async\" class=\"aligncenter wp-image-9561\" src=\"https:\/\/www.bartenbeach.de\/wp-content\/uploads\/2022\/11\/Frauen2-300x200.jpeg\" alt=\"\" width=\"340\" height=\"227\" srcset=\"https:\/\/www.bartenbeach.de\/wp-content\/uploads\/2022\/11\/Frauen2-300x200.jpeg 300w, https:\/\/www.bartenbeach.de\/wp-content\/uploads\/2022\/11\/Frauen2-1024x683.jpeg 1024w, https:\/\/www.bartenbeach.de\/wp-content\/uploads\/2022\/11\/Frauen2-768x512.jpeg 768w, https:\/\/www.bartenbeach.de\/wp-content\/uploads\/2022\/11\/Frauen2-1536x1024.jpeg 1536w, https:\/\/www.bartenbeach.de\/wp-content\/uploads\/2022\/11\/Frauen2.jpeg 1600w\" sizes=\"auto, (max-width: 340px) 100vw, 340px\" \/><\/a><\/p>\n<p style=\"text-align: center;\">TSV Bartenbach Frauen 2<\/p>\n<p style=\"text-align: center;\"><a href=\"https:\/\/www.hvw-online.org\/spielbetrieb\/ergebnissetabellen#\/league?ogId=3&amp;lId=91166\" target=\"_blank\" rel=\"noopener\"><img loading=\"lazy\" decoding=\"async\" class=\"aligncenter wp-image-8504\" title=\"TSV Bartenbach M\u00e4nner 2\" src=\"https:\/\/www.bartenbeach.de\/wp-content\/uploads\/2020\/10\/M2_TSV-1024x683.jpg\" alt=\"TSV M2\" width=\"341\" height=\"227\" srcset=\"https:\/\/www.bartenbeach.de\/wp-content\/uploads\/2020\/10\/M2_TSV-1024x683.jpg 1024w, https:\/\/www.bartenbeach.de\/wp-content\/uploads\/2020\/10\/M2_TSV-300x200.jpg 300w, https:\/\/www.bartenbeach.de\/wp-content\/uploads\/2020\/10\/M2_TSV-768x512.jpg 768w, https:\/\/www.bartenbeach.de\/wp-content\/uploads\/2020\/10\/M2_TSV-2048x1365.jpg 2048w\" sizes=\"auto, (max-width: 341px) 100vw, 341px\" \/><\/a><\/p>\n<p style=\"text-align: center;\">TSV Bartenbach M\u00e4nner 2<\/p>\n<p><a href=\"https:\/\/www.hvw-online.org\/spielbetrieb\/ergebnissetabellen#\/league?ogId=3&amp;lId=91171\" target=\"_blank\" rel=\"noopener\"><img loading=\"lazy\" decoding=\"async\" class=\"aligncenter wp-image-8504\" title=\"TSV Bartenbach M\u00e4nner 3\" src=\"https:\/\/www.bartenbeach.de\/wp-content\/uploads\/2020\/10\/M2_TSV-1024x683.jpg\" alt=\"TSV M3\" width=\"341\" height=\"227\" srcset=\"https:\/\/www.bartenbeach.de\/wp-content\/uploads\/2020\/10\/M2_TSV-1024x683.jpg 1024w, https:\/\/www.bartenbeach.de\/wp-content\/uploads\/2020\/10\/M2_TSV-300x200.jpg 300w, https:\/\/www.bartenbeach.de\/wp-content\/uploads\/2020\/10\/M2_TSV-768x512.jpg 768w, https:\/\/www.bartenbeach.de\/wp-content\/uploads\/2020\/10\/M2_TSV-2048x1365.jpg 2048w\" sizes=\"auto, (max-width: 341px) 100vw, 341px\" \/><\/a><\/p>\n<p style=\"text-align: center;\">TSV Bartenbach M\u00e4nner 3<\/p>\n","protected":false},"excerpt":{"rendered":"<p>TSV Bartenbach M\u00e4nner 1 TSV Bartenbach Frauen 1 TSV Bartenbach Frauen 2 TSV Bartenbach M\u00e4nner 2 TSV Bartenbach M\u00e4nner 3<\/p>\n","protected":false},"author":2,"featured_media":0,"parent":286,"menu_order":0,"comment_status":"closed","ping_status":"closed","template":"","meta":{"footnotes":""},"class_list":["post-848","page","type-page","status-publish","hentry"],"_links":{"self":[{"href":"https:\/\/www.bartenbeach.de\/index.php?rest_route=\/wp\/v2\/pages\/848","targetHints":{"allow":["GET"]}}],"collection":[{"href":"https:\/\/www.bartenbeach.de\/index.php?rest_route=\/wp\/v2\/pages"}],"about":[{"href":"https:\/\/www.bartenbeach.de\/index.php?rest_route=\/wp\/v2\/types\/page"}],"author":[{"embeddable":true,"href":"https:\/\/www.bartenbeach.de\/index.php?rest_route=\/wp\/v2\/users\/2"}],"replies":[{"embeddable":true,"href":"https:\/\/www.bartenbeach.de\/index.php?rest_route=%2Fwp%2Fv2%2Fcomments&post=848"}],"version-history":[{"count":51,"href":"https:\/\/www.bartenbeach.de\/index.php?rest_route=\/wp\/v2\/pages\/848\/revisions"}],"predecessor-version":[{"id":9565,"href":"https:\/\/www.bartenbeach.de\/index.php?rest_route=\/wp\/v2\/pages\/848\/revisions\/9565"}],"up":[{"embeddable":true,"href":"https:\/\/www.bartenbeach.de\/index.php?rest_route=\/wp\/v2\/pages\/286"}],"wp:attachment":[{"href":"https:\/\/www.bartenbeach.de\/index.php?rest_route=%2Fwp%2Fv2%2Fmedia&parent=848"}],"curies":[{"name":"wp","href":"https:\/\/api.w.org\/{rel}","templated":true}]}}