{"id":7489,"date":"2018-10-05T15:44:38","date_gmt":"2018-10-05T13:44:38","guid":{"rendered":"http:\/\/www.bartenbeach.de\/?page_id=7489"},"modified":"2018-10-21T22:14:15","modified_gmt":"2018-10-21T20:14:15","slug":"datenschutz","status":"publish","type":"page","link":"https:\/\/www.bartenbeach.de\/?page_id=7489","title":{"rendered":"Datenschutz"},"content":{"rendered":"<p><strong>\u00a0<\/strong><\/p>\n<p><strong>Turn-<\/strong><strong> und Sportverein Bartenbach 1897 e. V.\u00a0\u00a0\u00a0\u00a0\u00a0\u00a0\u00a0\u00a0\u00a0\u00a0\u00a0 <\/strong><\/p>\n<p><strong>\u00a0<\/strong><\/p>\n<p>Beiblatt \u201eInformation zum Datenschutz\u201c<\/p>\n<p>&nbsp;<\/p>\n<p>Zur Wahrung der Informationspflicht bei Erhebung von personenbezogenen Daten<\/p>\n<p>gem\u00e4\u00df Art. 13 DS-GVO<\/p>\n<p>&nbsp;<\/p>\n<ol>\n<li>Name und Kontaktdaten des Verantwortlichen sowie gegebenenfalls seines Vertreters<\/li>\n<\/ol>\n<p>&nbsp;<\/p>\n<p>Verantwortlicher im Sinne des Art. 13 Abs. 1 lit. a) DS-GVO ist<\/p>\n<p>&nbsp;<\/p>\n<p>Name Verein: TSV Bartenbach e.V.<\/p>\n<p>Stra\u00dfe: Lerchenberger Strasse 114<\/p>\n<p>PLZ, Ort: 73035 G\u00f6ppingen<\/p>\n<p>&nbsp;<\/p>\n<p>&nbsp;<\/p>\n<ol start=\"2\">\n<li>Kontaktdaten (des Datenschutzbeauftragten)<\/li>\n<\/ol>\n<p>Fragen rund um das Thema Datenschutz beim TSV Bartenbach e.V.: werden Ihnen unter<\/p>\n<p><a href=\"mailto:datenschutz@tsvbartenbach.de\">datenschutz@tsvbartenbach.de<\/a><\/p>\n<p>beantwortet.<\/p>\n<p>&nbsp;<\/p>\n<ol start=\"3\">\n<li>Zwecke und Rechtsgrundlage der Verarbeitung<\/li>\n<\/ol>\n<p>Der TSV Bartenbach e.V. verarbeitet folgende personenbezogene Daten:<\/p>\n<p>&nbsp;<\/p>\n<ol>\n<li>Zum <strong>Zwecke der Mitgliederverwaltung <\/strong>werden der Name, Vorname, vollst\u00e4ndige Anschrift, Geburtsdatum, Datum des Eintritts, Datum des Austritts, Sportbereich\/Abteilung, Nummer des Mitgliedsausweises verarbeitet. Die Rechtsgrundlage hierf\u00fcr ist Art. 6 Abs. lit. b) DS-GVO.<\/li>\n<li>Zum <strong>Zwecke der Beitragsverwaltung (inkl. Mahn- und Beitreibungsprozess) <\/strong>erfolgt bei Lastschrifteinzug die Verarbeitung der Daten Vorname, Name, Bankverbindung (IBAN, BIC, Kontoinhaber), Datum des Eintritts, Abteilungszugeh\u00f6rigkeit und H\u00f6he der ausstehenden Mitgliedsbeitr\u00e4ge. Sofern eine Rechnungsstellung erfolgt, werden die Daten zu Vorname, Name, vollst\u00e4ndige Anschrift, Datum des Eintritts, Abteilungszugeh\u00f6rigkeit und H\u00f6he der ausstehenden Mitgliedsbeitr\u00e4ge verarbeitet. Die Rechtsgrundlage hierf\u00fcr ist Art. 6 Abs. lit. b) DS-GVO.<\/li>\n<\/ol>\n<ul>\n<li>Zum <strong>Zwecke der Lohnabrechnung <\/strong>werden von den Besch\u00e4ftigten des TSV Bartenbach e.V. der Vorname, Name, vollst\u00e4ndige Anschrift, ggf. die Religionszugeh\u00f6rigkeit, Sozialversicherungsnummer, Steuernummer sowie die Bankverbindung (IBAN, BIC, Kontoinhaber) verarbeitet. Die Rechtsgrundlage hierf\u00fcr ist Art. 6 Abs. lit. b) DS-GVO.<\/li>\n<\/ul>\n<ol>\n<li>Zum <strong>Zwecke der Au\u00dfendarstellung <\/strong>k\u00f6nnen Vorname, Name, weitere personenbezogene Daten (z.B. Wettkampfergebnisse) sowie Fotos der Mitglieder von Veranstaltungen auf der Vereinswebseite www.tsv-bartenbach.de ver\u00f6ffentlicht werden. Eine Ver\u00f6ffentlichung kann ebenfalls auf den Vereinswebseiten der dem Verein zugeh\u00f6rigen Abteilungen erfolgen. Die Rechtsgrundlage hierf\u00fcr ist Art. 6 Abs. lit a) DS-GVO.<\/li>\n<li>Zum <strong>Zwecke der Eigenwerbung <\/strong>des TSV Bartenbach erfolgt einmal j\u00e4hrlich der Druck und die Verteilung der Hallenzeitung Fan-Blog . F\u00fcr die Erstellung des Fan-Blog verweisen wir auf vorgenannten Punkt iv. F\u00fcr den Versand erfolgt die Verarbeitung von Vorname, Name bzw. Firmenname sowie vollst\u00e4ndiger Anschrift der Mitglieder und Werbepartner des TSV Bartenbach e.V. Die Rechtsgrundlage hierf\u00fcr ist Art. 6 Abs. lit. f) DS-GVO.<\/li>\n<li>Zum <strong>Zwecke des Spielbetriebs<\/strong> werden durch die jeweiligen Abteilungen die Informationen zu Vorname, Name, Geburtsdatum, Staatsangeh\u00f6rigkeit und vollst\u00e4ndige Anschrift verarbeitet. Hierunter f\u00e4llt beispielsweise das Passwesen, die Anmeldung zu Verbandsveranstaltungen oder der Spielbericht-online. Die Rechtsgrundlage hierf\u00fcr ist Art. 6 Abs. lit. f) DS-GVO.<\/li>\n<\/ol>\n<p>&nbsp;<\/p>\n<ol start=\"4\">\n<li>Empf\u00e4nger der personenbezogenen Daten<\/li>\n<\/ol>\n<p>&nbsp;<\/p>\n<table width=\"614\">\n<tbody>\n<tr>\n<td width=\"202\"><strong>Empf\u00e4nger der Daten<\/strong><\/td>\n<td width=\"209\"><strong>Personenbezogene Daten<\/strong><\/td>\n<td width=\"203\"><strong>Zweck der Daten\u00fcbermittlung<\/strong><\/td>\n<\/tr>\n<tr>\n<td width=\"202\"><strong>Dachverb\u00e4nde des Sportbetriebs (WLSB, STB, DTB)<\/strong><\/td>\n<td width=\"209\">1.\u00a0\u00a0\u00a0 Vorname<\/p>\n<p>2.\u00a0\u00a0\u00a0 Name<\/p>\n<p>3.\u00a0\u00a0\u00a0 Geburtsdatum<\/p>\n<p>4.\u00a0\u00a0\u00a0 Nummer Trainerlizenz (sofern vorhanden)<\/td>\n<td width=\"203\">&#8211;\u00a0\u00a0\u00a0\u00a0 Beantragung \u00dcbungsleiterzuschuss<\/p>\n<p>&#8211;\u00a0\u00a0\u00a0\u00a0 Anmeldung zu Veranstaltungen, Events<\/td>\n<\/tr>\n<tr>\n<td width=\"202\"><strong>DSA Deutsche Sportausweis GmbH<\/strong><\/td>\n<td width=\"209\">1.\u00a0\u00a0\u00a0\u00a0 Mitgliedsnummer<\/p>\n<p>2.\u00a0\u00a0\u00a0\u00a0 Vorname<\/p>\n<p>3.\u00a0\u00a0\u00a0\u00a0 Nachname<\/p>\n<p>4.\u00a0\u00a0\u00a0\u00a0 Geburtsdatum<\/p>\n<p>5.\u00a0\u00a0\u00a0\u00a0 Abteilungszugeh\u00f6rigkeit<\/p>\n<p>6.\u00a0\u00a0\u00a0\u00a0 E-Mail (sofern vorhanden)<\/p>\n<p>7.\u00a0\u00a0\u00a0\u00a0 Telefon \u2013 Festnetz (sofern vorhanden<\/p>\n<p>8.\u00a0\u00a0\u00a0\u00a0 Telefon \u2013 mobil (sofern vorhanden)<\/p>\n<p>9.\u00a0\u00a0\u00a0\u00a0 Vollst\u00e4ndige Anschrift (Stra\u00dfe, Hausnummer, PLZ, Ort)<\/p>\n<p>10.\u00a0 Funktion\/Amt im Verein (sofern vorhanden)<\/td>\n<td width=\"203\">Erstellung, Versand und Verwaltung der Mitgliedsausweise<\/td>\n<\/tr>\n<tr>\n<td width=\"202\"><strong>Dachverband der Abteilung Handball (HVW)<\/strong><\/td>\n<td width=\"209\">Je aktivem\/passivem Mitglied erfolgt die Verarbeitung der Informationen zu:<\/p>\n<p>1.\u00a0\u00a0\u00a0\u00a0 Vorname,<\/p>\n<p>2.\u00a0\u00a0\u00a0\u00a0 Nachname (ggf. Geburtsname),<\/p>\n<p>3.\u00a0\u00a0\u00a0\u00a0 Geschlecht<\/p>\n<p>4.\u00a0\u00a0\u00a0\u00a0 Geburtsort (optional)<\/p>\n<p>5.\u00a0\u00a0\u00a0\u00a0 Geburtsdatum,<\/p>\n<p>6.\u00a0\u00a0\u00a0\u00a0 Nationalit\u00e4t<\/p>\n<p>7.\u00a0\u00a0\u00a0\u00a0 Passnummer, bzw. Pass-ID des Verbands<\/td>\n<td width=\"203\">Durchf\u00fchrung Spielbetrieb:<\/p>\n<p>&#8211;\u00a0\u00a0\u00a0\u00a0 Passwesen<\/p>\n<p>&#8211;\u00a0\u00a0\u00a0\u00a0 Spielbericht Online<\/td>\n<\/tr>\n<tr>\n<td width=\"202\"><strong>\u00a0<\/strong><\/td>\n<td width=\"209\"><\/td>\n<td width=\"203\"><\/td>\n<\/tr>\n<tr>\n<td width=\"202\"><strong>\u00a0<\/strong><\/td>\n<td width=\"209\">1.<\/td>\n<td width=\"203\">&#8211;<\/td>\n<\/tr>\n<tr>\n<td width=\"202\"><strong>\u00a0<\/strong><\/td>\n<td width=\"209\">1.<\/td>\n<td width=\"203\">&#8211;<\/td>\n<\/tr>\n<tr>\n<td width=\"202\"><strong>Sozialversicherungstr\u00e4ger \/ Minijob-Zentrale \/ Stellen \/ Beh\u00f6rden wegen Angestellten<\/strong><\/td>\n<td width=\"209\">1.\u00a0\u00a0\u00a0\u00a0 Vorname<\/p>\n<p>2.\u00a0\u00a0\u00a0\u00a0 Name<\/p>\n<p>3.\u00a0\u00a0\u00a0\u00a0 Vollst\u00e4ndige Anschrift (Stra\u00dfe, Hausnummer, PLZ, Ort)<\/p>\n<p>4.\u00a0\u00a0\u00a0\u00a0 Geburtsdatum<\/p>\n<p>5.\u00a0\u00a0\u00a0\u00a0 Sozialversicherungsnummer<\/p>\n<p>6.\u00a0\u00a0\u00a0\u00a0 Name der Krankenkasse (bei Bedarf)<\/p>\n<p>7.\u00a0\u00a0\u00a0\u00a0 Besch\u00e4ftigungsschl\u00fcssel<\/td>\n<td width=\"203\">&#8211;\u00a0\u00a0\u00a0\u00a0 Meldung zur Sozialversicherung<\/p>\n<p>&#8211;\u00a0\u00a0\u00a0\u00a0 Abf\u00fchrung von Sozialversicherungsabgaben<\/td>\n<\/tr>\n<\/tbody>\n<\/table>\n<ol start=\"5\">\n<li>Drittlandstransfer<\/li>\n<\/ol>\n<p>Ein Transfer der Daten in Drittl\u00e4nder besteht nicht.<\/p>\n<p>&nbsp;<\/p>\n<p>&nbsp;<\/p>\n<p>&nbsp;<\/p>\n<p>&nbsp;<\/p>\n<p>&nbsp;<\/p>\n<ol start=\"6\">\n<li>Speicherdauer<\/li>\n<\/ol>\n<p>&nbsp;<\/p>\n<table>\n<tbody>\n<tr>\n<td width=\"177\"><strong>Zweck der <\/strong><\/p>\n<p><strong>Datenspeicherung<\/strong><\/td>\n<td width=\"217\"><strong>Personenbezogene Daten sind<\/strong><\/td>\n<td width=\"205\"><strong>L\u00f6schfristen<\/strong><\/td>\n<\/tr>\n<tr>\n<td width=\"177\"><strong>Mitgliederverwaltung<\/strong><\/td>\n<td width=\"217\">Mitglieder<\/p>\n<p>1.\u00a0\u00a0\u00a0 Name,<\/p>\n<p>2.\u00a0\u00a0\u00a0 Vorname,<\/p>\n<p>3.\u00a0\u00a0\u00a0 vollst\u00e4ndige Anschrift (Stra\u00dfe, Hausnummer, PLZ, Ort),<\/p>\n<p>4.\u00a0\u00a0\u00a0 Geburtsdatum,<\/p>\n<p>5.\u00a0\u00a0\u00a0 Sportbereich\/Abteilung<\/p>\n<p>6.\u00a0\u00a0\u00a0 Sportliche Erfolge<\/p>\n<p>7.\u00a0\u00a0\u00a0 Ehrungen\/Auszeichnungen<\/p>\n<p>8.\u00a0\u00a0\u00a0 Funktionen\/\u00c4mter im Verein<\/p>\n<p>9.\u00a0\u00a0\u00a0 IBAN<\/p>\n<p>10. BIC<\/p>\n<p>11. Kontoinhaber<\/p>\n<p>12. Nummer Mitgliedsausweis<\/td>\n<td width=\"205\">Ein Jahr nach Beendigung der Vereinsmitgliedschaft.<\/p>\n<p>&nbsp;<\/p>\n<p>F\u00fcr die Erstellung einer Vereinschronik bleiben von den vorgenannten Daten des Mitglieds folgende von der L\u00f6schung ausgeschlossen:<\/p>\n<p>1\/2\/5\/6\/7<\/p>\n<p>&nbsp;<\/p>\n<p>Sofern es sich beim Mitglied um eine minderj\u00e4hrige Person handelt, unterliegen die personenbezogenen Daten der Ehrziehungsberechtigten ebenfalls der L\u00f6schpflicht.<\/td>\n<\/tr>\n<tr>\n<td width=\"177\"><strong>Mitgliederverwaltung<\/strong><\/td>\n<td width=\"217\">Nichtmitglieder (Gesch\u00e4ftspartner, G\u00f6nner)<\/p>\n<p>1.\u00a0\u00a0\u00a0 Vorname<\/p>\n<p>2.\u00a0\u00a0\u00a0 Name<\/p>\n<p>3.\u00a0\u00a0\u00a0 Firmenname (sofern es sich um eine juristische Person handelt)<\/p>\n<p>4.\u00a0\u00a0\u00a0 Vollst\u00e4ndige Anschrift (Stra\u00dfe, Hausnummer, PLZ, Ort)<\/td>\n<td width=\"205\">10 Jahre nach Beendigung des Gesch\u00e4ftsverh\u00e4ltnisses (gesetzliche Aufbewahrungsfirst)<\/td>\n<\/tr>\n<tr>\n<td width=\"177\"><strong>Lohnabrechnung<\/strong><\/td>\n<td width=\"217\">1.\u00a0\u00a0\u00a0\u00a0 Vorname<\/p>\n<p>2.\u00a0\u00a0\u00a0\u00a0 Name<\/p>\n<p>3.\u00a0\u00a0\u00a0\u00a0 Vollst\u00e4ndige Anschrift (Stra\u00dfe, Hausnummer, PLZ, Ort)<\/p>\n<p>4.\u00a0\u00a0\u00a0\u00a0 Religionszugeh\u00f6rigkeit<\/p>\n<p>5.\u00a0\u00a0\u00a0\u00a0 Sozialversicherungsnummer<\/p>\n<p>6.\u00a0\u00a0\u00a0\u00a0 Steuernummer<\/p>\n<p>7.\u00a0\u00a0\u00a0\u00a0 IBAN<\/p>\n<p>8.\u00a0\u00a0\u00a0\u00a0 BIC<\/p>\n<p>9.\u00a0\u00a0\u00a0\u00a0 Kontoinhaber<\/td>\n<td width=\"205\">10 Jahre nach Beendigung des Besch\u00e4ftigungsverh\u00e4ltnisses (gesetzliche Aufbewahrungsfrist)<\/td>\n<\/tr>\n<tr>\n<td width=\"177\"><strong>Beitragsverwaltung<\/strong><\/td>\n<td width=\"217\">1.\u00a0\u00a0 IBAN<\/p>\n<p>2.\u00a0\u00a0 BIC<\/p>\n<p>3.\u00a0\u00a0 Kontoinhaber<\/td>\n<td width=\"205\">Es gelten die L\u00f6schfristen analog zur Mitgliederverwaltung.<\/p>\n<p>Sofern jedoch zum vorgesehenen L\u00f6schzeitpunkt ein negatives Beitragskonto vorliegt, erfolgt die L\u00f6schung der personenbezogenen Daten erst mit Ausgleich der ausstehenden Beitr\u00e4ge des Mitglieds.<\/td>\n<\/tr>\n<\/tbody>\n<\/table>\n<p>&nbsp;<\/p>\n<p>Im Falle des Widerrufs der Einwilligung werden die Daten unverz\u00fcglich gel\u00f6scht.<\/p>\n<p>&nbsp;<\/p>\n<p>&nbsp;<\/p>\n<p>7.Betroffenenrechte<\/p>\n<p>&nbsp;<\/p>\n<p>Dem Vereinsmitglied stehen grunds\u00e4tzlich folgende Rechte zu:<\/p>\n<p>Recht auf<\/p>\n<ul>\n<li>Auskunft (Art. 15 DS-GVO)<\/li>\n<li>Berichtigung (Art. 16 DS-GVO)<\/li>\n<li>L\u00f6schung (Art. 17 DS-GVO)<\/li>\n<li>Einschr\u00e4nkung der Verarbeitung (Art. 18 DS-GVO)<\/li>\n<li>Widerspruch gegen die Verarbeitung (Art. 21 DS-GVO) bzw.<\/li>\n<li>Daten\u00fcbertragbarkeit (Art. 20 DS-GVO)<\/li>\n<\/ul>\n<p>&nbsp;<\/p>\n<p>Das Vereinsmitglied hat das Recht, seine datenschutzrechtliche Einwilligungserkl\u00e4rung jederzeit zu widerrufen (Kontaktdaten siehe Punkt 2).<\/p>\n<p>&nbsp;<\/p>\n<p>Durch den Widerruf der Einwilligung wird die Rechtm\u00e4\u00dfigkeit der aufgrund der Einwilligung bis zum Widerruf erfolgten Verarbeitung nicht ber\u00fchrt. Dem Vereinsmitglied steht ferner ein Beschwerderecht bei einer Datenschutz-Aufsichtsbeh\u00f6rde zu.<\/p>\n<p>&nbsp;<\/p>\n<p>8.Quelle der personenbezogenen Daten<\/p>\n<p>&nbsp;<\/p>\n<p>Die personenbezogenen Daten werden grunds\u00e4tzlich im Rahmen des Erwerbs der Mitgliedschaft erhoben.<\/p>\n<p>&nbsp;<\/p>\n<ol start=\"9\">\n<li>Beschwerde<\/li>\n<\/ol>\n<p>Der Landesbeauftragte f\u00fcr Datenschutz und Informationsfreiheit Baden-W\u00fcrttemberg<br \/>\nDr. Stefan Brink<\/p>\n<p>&nbsp;<\/p>\n<p>Hausanschrift: \u00a0\u00a0\u00a0\u00a0\u00a0\u00a0\u00a0\u00a0\u00a0\u00a0 K\u00f6nigstrasse 10 a, D- 70173 Stuttgart<br \/>\nPostanschrift: \u00a0\u00a0\u00a0\u00a0\u00a0\u00a0\u00a0\u00a0\u00a0\u00a0\u00a0\u00a0 Postfach 10 29 32, 70025 Stuttgart<br \/>\nTel.: \u00a0\u00a0\u00a0\u00a0\u00a0\u00a0\u00a0\u00a0\u00a0\u00a0\u00a0\u00a0\u00a0\u00a0\u00a0\u00a0\u00a0\u00a0\u00a0\u00a0\u00a0\u00a0\u00a0\u00a0\u00a0\u00a0 +49 711\/61 55 41-0<br \/>\nE-Mail: \u00a0\u00a0\u00a0\u00a0\u00a0\u00a0\u00a0\u00a0\u00a0\u00a0\u00a0\u00a0\u00a0\u00a0\u00a0\u00a0\u00a0\u00a0\u00a0\u00a0\u00a0\u00a0 poststelle@lfdi.bwl.de<\/p>\n<p>&nbsp;<\/p>\n<p>&nbsp;<\/p>\n<p>&nbsp;<\/p>\n<p>Stand: Juli 2018<\/p>\n<p>&nbsp;<\/p>\n<p><a href=\"https:\/\/www.bartenbeach.de\/wp-content\/uploads\/2018\/10\/Beiblatt_Datenschutz_v1.0.pdf\"><strong>&lt;&lt;&lt;DOWNLOAD&gt;&gt;&gt; Beiblatt zum Datenschutz<\/strong><\/a><\/p>\n","protected":false},"excerpt":{"rendered":"<p>\u00a0 Turn- und Sportverein Bartenbach 1897 e. V.\u00a0\u00a0\u00a0\u00a0\u00a0\u00a0\u00a0\u00a0\u00a0\u00a0\u00a0 \u00a0 Beiblatt \u201eInformation zum Datenschutz\u201c &nbsp; Zur Wahrung der Informationspflicht bei Erhebung von personenbezogenen Daten gem\u00e4\u00df Art. 13 DS-GVO &nbsp; Name und Kontaktdaten des Verantwortlichen sowie gegebenenfalls seines Vertreters &nbsp; Verantwortlicher im Sinne des Art. 13 Abs. 1 lit. a) DS-GVO ist &nbsp; Name Verein: TSV Bartenbach &hellip; <a href=\"https:\/\/www.bartenbeach.de\/?page_id=7489\" class=\"more-link\"><span class=\"screen-reader-text\">Datenschutz<\/span> weiterlesen <span class=\"meta-nav\">&rarr;<\/span><\/a><\/p>\n","protected":false},"author":4,"featured_media":0,"parent":0,"menu_order":0,"comment_status":"closed","ping_status":"closed","template":"","meta":{"footnotes":""},"class_list":["post-7489","page","type-page","status-publish","hentry"],"_links":{"self":[{"href":"https:\/\/www.bartenbeach.de\/index.php?rest_route=\/wp\/v2\/pages\/7489","targetHints":{"allow":["GET"]}}],"collection":[{"href":"https:\/\/www.bartenbeach.de\/index.php?rest_route=\/wp\/v2\/pages"}],"about":[{"href":"https:\/\/www.bartenbeach.de\/index.php?rest_route=\/wp\/v2\/types\/page"}],"author":[{"embeddable":true,"href":"https:\/\/www.bartenbeach.de\/index.php?rest_route=\/wp\/v2\/users\/4"}],"replies":[{"embeddable":true,"href":"https:\/\/www.bartenbeach.de\/index.php?rest_route=%2Fwp%2Fv2%2Fcomments&post=7489"}],"version-history":[{"count":4,"href":"https:\/\/www.bartenbeach.de\/index.php?rest_route=\/wp\/v2\/pages\/7489\/revisions"}],"predecessor-version":[{"id":7550,"href":"https:\/\/www.bartenbeach.de\/index.php?rest_route=\/wp\/v2\/pages\/7489\/revisions\/7550"}],"wp:attachment":[{"href":"https:\/\/www.bartenbeach.de\/index.php?rest_route=%2Fwp%2Fv2%2Fmedia&parent=7489"}],"curies":[{"name":"wp","href":"https:\/\/api.w.org\/{rel}","templated":true}]}}