{"id":744,"date":"2012-03-07T09:23:41","date_gmt":"2012-03-07T08:23:41","guid":{"rendered":"http:\/\/www.bartenbeach.de\/?page_id=744"},"modified":"2026-04-26T21:47:30","modified_gmt":"2026-04-26T19:47:30","slug":"impressum","status":"publish","type":"page","link":"https:\/\/www.bartenbeach.de\/?page_id=744","title":{"rendered":"Impressum"},"content":{"rendered":"<p>Impressum:<\/p>\n<p>TSV Bartenbach 1897 e.V.<br \/>\nPoststr. 12<br \/>\n73033 G\u00f6ppingen<\/p>\n<p>E-Mail: Vorstand@tsvbartenbach.de<\/p>\n<p>Vertretungsberechtigter Vorstand: Lukas Mauritz (1.Vorsitzender), Hendrik Lang, Bernhard Reick<\/p>\n<p>Registergericht: Amtsgericht Ulm<\/p>\n<p>Registernummer: VR 530314<\/p>\n<p>Umsatzsteuer- Identifikationsnummer gem\u00e4\u00df \u00a7 27 a Umsatzsteuergesetz:<br \/>\nDE 355625321<\/p>\n<p>Inhaltlich Verantwortlicher gem\u00e4\u00df \u00a7 10 Absatz 3 MDStV:<\/p>\n<p>Lukas Mauritz (Anschrift wie oben)<\/p>\n<p>Haftungshinweis: Trotz sorgf\u00e4ltiger inhaltlicher Kontrolle \u00fcbernehmen wir keine Haftung f\u00fcr die Inhalte externer Links.<\/p>\n<p>F\u00fcr den Inhalt der verlinkten Seiten sind ausschlie\u00dflich deren Betreiber verantwortlich<\/p>\n<p>Realisation:<\/p>\n<p><a title=\"http:\/\/www.rena-webentwicklung.de\" href=\"http:\/\/www.rena-webentwicklung.de\" target=\"_blank\" rel=\"noopener\">www.rena-webentwicklung.de<\/a><\/p>\n<p><strong>Webagentur Text-Art<\/strong><\/p>\n<p>Ulrichstrasse 58<\/p>\n<p>73033 G\u00f6ppingen<\/p>\n<p>info@rena-webentwicklung.de<\/p>\n","protected":false},"excerpt":{"rendered":"<p>Impressum: TSV Bartenbach 1897 e.V. Poststr. 12 73033 G\u00f6ppingen E-Mail: Vorstand@tsvbartenbach.de Vertretungsberechtigter Vorstand: Lukas Mauritz (1.Vorsitzender), Hendrik Lang, Bernhard Reick Registergericht: Amtsgericht Ulm Registernummer: VR 530314 Umsatzsteuer- Identifikationsnummer gem\u00e4\u00df \u00a7 27 a Umsatzsteuergesetz: DE 355625321 Inhaltlich Verantwortlicher gem\u00e4\u00df \u00a7 10 Absatz 3 MDStV: Lukas Mauritz (Anschrift wie oben) Haftungshinweis: Trotz sorgf\u00e4ltiger inhaltlicher Kontrolle \u00fcbernehmen wir &hellip; <a href=\"https:\/\/www.bartenbeach.de\/?page_id=744\" class=\"more-link\"><span class=\"screen-reader-text\">Impressum<\/span> weiterlesen <span class=\"meta-nav\">&rarr;<\/span><\/a><\/p>\n","protected":false},"author":4,"featured_media":0,"parent":0,"menu_order":0,"comment_status":"closed","ping_status":"closed","template":"","meta":{"footnotes":""},"class_list":["post-744","page","type-page","status-publish","hentry"],"_links":{"self":[{"href":"https:\/\/www.bartenbeach.de\/index.php?rest_route=\/wp\/v2\/pages\/744","targetHints":{"allow":["GET"]}}],"collection":[{"href":"https:\/\/www.bartenbeach.de\/index.php?rest_route=\/wp\/v2\/pages"}],"about":[{"href":"https:\/\/www.bartenbeach.de\/index.php?rest_route=\/wp\/v2\/types\/page"}],"author":[{"embeddable":true,"href":"https:\/\/www.bartenbeach.de\/index.php?rest_route=\/wp\/v2\/users\/4"}],"replies":[{"embeddable":true,"href":"https:\/\/www.bartenbeach.de\/index.php?rest_route=%2Fwp%2Fv2%2Fcomments&post=744"}],"version-history":[{"count":17,"href":"https:\/\/www.bartenbeach.de\/index.php?rest_route=\/wp\/v2\/pages\/744\/revisions"}],"predecessor-version":[{"id":12040,"href":"https:\/\/www.bartenbeach.de\/index.php?rest_route=\/wp\/v2\/pages\/744\/revisions\/12040"}],"wp:attachment":[{"href":"https:\/\/www.bartenbeach.de\/index.php?rest_route=%2Fwp%2Fv2%2Fmedia&parent=744"}],"curies":[{"name":"wp","href":"https:\/\/api.w.org\/{rel}","templated":true}]}}