{"id":6030,"date":"2016-03-09T22:13:11","date_gmt":"2016-03-09T21:13:11","guid":{"rendered":"http:\/\/www.bartenbeach.de\/?page_id=6030"},"modified":"2026-04-11T11:13:06","modified_gmt":"2026-04-11T09:13:06","slug":"anmeldung-bartenbeach-24-06-26-06-2016","status":"publish","type":"page","link":"https:\/\/www.bartenbeach.de\/?page_id=6030","title":{"rendered":"Anmeldung BARTENBEACH 26.06.-28.06.2026"},"content":{"rendered":"<blockquote>\n<h2>DOWNLOAD&#8230;. alle Infos&#8230;.<\/h2>\n<\/blockquote>\n\n\n<p><a href=\"https:\/\/www.bartenbeach.de\/wp-content\/uploads\/2026\/02\/Bartenbeach-2026-Ausschreibung.pdf\" target=\"_blank\" rel=\"noreferrer noopener\">Ausschreibung 2026<\/a><\/p>\n\n\n\n<p>Wichtig: Kontoname:  VEREIN ZUR F\u00d6RDERUNG DES HAND-BALLSPORTS IN BARTENBACH <\/p>\n\n\n\n<p>(Sonst kann diese Fehlermeldung kommen: Abweichung bei der Empf\u00e4nger\u00fcberpr\u00fcfung)<\/p>\n\n\n\n<p>#####M\u00e4nner \/ Frauen FUN######WARTELISTE######M\u00e4nner \/ Frauen FUN######WARTELISTE######<\/p>\n\n\n\n<div class=\"wp-block-contact-form-7-contact-form-selector\">\n<div class=\"wpcf7 no-js\" id=\"wpcf7-f6038-o1\" lang=\"de-DE\" dir=\"ltr\">\n<div class=\"screen-reader-response\"><p role=\"status\" aria-live=\"polite\" aria-atomic=\"true\"><\/p> <ul><\/ul><\/div>\n<form action=\"\/index.php?rest_route=%2Fwp%2Fv2%2Fpages%2F6030#wpcf7-f6038-o1\" method=\"post\" class=\"wpcf7-form init\" aria-label=\"Kontaktformular\" novalidate=\"novalidate\" data-status=\"init\">\n<div style=\"display: none;\">\n<input type=\"hidden\" name=\"_wpcf7\" value=\"6038\" \/>\n<input type=\"hidden\" name=\"_wpcf7_version\" value=\"5.7.3\" \/>\n<input type=\"hidden\" name=\"_wpcf7_locale\" value=\"de_DE\" \/>\n<input type=\"hidden\" name=\"_wpcf7_unit_tag\" value=\"wpcf7-f6038-o1\" \/>\n<input type=\"hidden\" name=\"_wpcf7_container_post\" value=\"0\" \/>\n<input type=\"hidden\" name=\"_wpcf7_posted_data_hash\" value=\"\" \/>\n<\/div>\n<p>Um eine Mannschaft f\u00fcr ein Beachturnier anzumelden f\u00fclle bitte das folgende Formular aus.\n<\/p>\n<p>(Senden nicht vergessen!!!!)\n<\/p>\n<p>Dein Name (Pflichtfeld)\n<\/p>\n<p><span class=\"wpcf7-form-control-wrap\" data-name=\"your-name\"><input size=\"40\" class=\"wpcf7-form-control wpcf7-text wpcf7-validates-as-required\" aria-required=\"true\" aria-invalid=\"false\" value=\"\" type=\"text\" name=\"your-name\" \/><\/span>\n<\/p>\n<p>Dein Vereinsname (Pflichtfeld)\n<\/p>\n<p><span class=\"wpcf7-form-control-wrap\" data-name=\"your-Vname\"><input size=\"40\" class=\"wpcf7-form-control wpcf7-text wpcf7-validates-as-required\" aria-required=\"true\" aria-invalid=\"false\" value=\"\" type=\"text\" name=\"your-Vname\" \/><\/span>\n<\/p>\n<p>Dein Mannschaftsname f\u00fcrs Turnier (Pflichtfeld)\n<\/p>\n<p><span class=\"wpcf7-form-control-wrap\" data-name=\"your-beachname\"><input size=\"40\" class=\"wpcf7-form-control wpcf7-text wpcf7-validates-as-required\" aria-required=\"true\" aria-invalid=\"false\" value=\"\" type=\"text\" name=\"your-beachname\" \/><\/span>\n<\/p>\n<p>Deine E-Mail-Adresse (Pflichtfeld)\n<\/p>\n<p><span class=\"wpcf7-form-control-wrap\" data-name=\"your-email\"><input size=\"40\" class=\"wpcf7-form-control wpcf7-text wpcf7-email wpcf7-validates-as-required wpcf7-validates-as-email\" aria-required=\"true\" aria-invalid=\"false\" value=\"\" type=\"email\" name=\"your-email\" \/><\/span>\n<\/p>\n<p>Anschrift:\n<\/p>\n<p>Stra\u00dfe\n<\/p>\n<p><span class=\"wpcf7-form-control-wrap\" data-name=\"your-strasse\"><input size=\"40\" class=\"wpcf7-form-control wpcf7-text\" aria-invalid=\"false\" value=\"\" type=\"text\" name=\"your-strasse\" \/><\/span>\n<\/p>\n<p>Ort\n<\/p>\n<p><span class=\"wpcf7-form-control-wrap\" data-name=\"your-ort\"><input size=\"40\" class=\"wpcf7-form-control wpcf7-text\" aria-invalid=\"false\" value=\"\" type=\"text\" name=\"your-ort\" \/><\/span>\n<\/p>\n<p>Telefon\n<\/p>\n<p><span class=\"wpcf7-form-control-wrap\" data-name=\"your-telefon\"><input size=\"40\" class=\"wpcf7-form-control wpcf7-text wpcf7-tel wpcf7-validates-as-tel\" aria-invalid=\"false\" value=\"\" type=\"tel\" name=\"your-telefon\" \/><\/span>\n<\/p>\n<p>Turnierform\n<\/p>\n<p><span class=\"wpcf7-form-control-wrap\" data-name=\"Turnier\"><select class=\"wpcf7-form-control wpcf7-select wpcf7-validates-as-required\" aria-required=\"true\" aria-invalid=\"false\" name=\"Turnier\"><option value=\"\">&#8211; Bitte ausw\u00e4hlen &#8211;<\/option><option value=\"Frauen - Fun\">Frauen - Fun<\/option><option value=\"Frauen German Beach Open\">Frauen German Beach Open<\/option><option value=\"Maenner German Beach Open\">Maenner German Beach Open<\/option><option value=\"Maenner- Fun\">Maenner- Fun<\/option><\/select><\/span>\n<\/p>\n<p>Kommentar\n<\/p>\n<p><span class=\"wpcf7-form-control-wrap\" data-name=\"your-message\"><textarea cols=\"40\" rows=\"10\" class=\"wpcf7-form-control wpcf7-textarea\" aria-invalid=\"false\" name=\"your-message\"><\/textarea><\/span>\n<\/p>\n<p>Mit dem absenden akzeptierst du unsere Turnierbedingungen.\n<\/p>\n<p><input class=\"wpcf7-form-control has-spinner wpcf7-submit\" type=\"submit\" value=\"Senden\" \/>\n<\/p><div class=\"wpcf7-response-output\" aria-hidden=\"true\"><\/div>\n<\/form>\n<\/div>\n<\/div>\n\n\n\n<p><\/p>\n\n\n\n<p>bei Fragen bitte an:<\/p>\n\n\n\n<p>beachturnier@tsvbartenbach.de<\/p>\n\n\n\n<p>Dabei sind:<\/p>\n\n\n\n<p><\/p>\n\n\n\n<p><strong>GBO Frauen<\/strong><\/p>\n\n\n\n<ol class=\"wp-block-list\">\n<li>Caipiranhas Bartenbeach<\/li>\n\n\n\n<li>Beach Bazis<\/li>\n\n\n\n<li>Rankbach Rangers<\/li>\n\n\n\n<li>Despos<\/li>\n\n\n\n<li>Beach&amp;DaGang Youngster Girls<\/li>\n\n\n\n<li>Elle Sandys Herrenberg<\/li>\n\n\n\n<li>HC Gutes Pferd<\/li>\n\n\n\n<li>Beach TiGers<\/li>\n\n\n\n<li>Br\u00fcder Ismaning<\/li>\n\n\n\n<li>Beach Eagles<\/li>\n<\/ol>\n\n\n\n<p><\/p>\n\n\n\n<p><strong>GBO M\u00e4nner<\/strong><\/p>\n\n\n\n<ol class=\"wp-block-list\">\n<li>BADG Youngsters<\/li>\n\n\n\n<li>Otternasen<\/li>\n\n\n\n<li>Sandkastenbande<\/li>\n\n\n\n<li>BHC BADG M\u00fcnster<\/li>\n\n\n\n<li>Beach Bazis 23<\/li>\n\n\n\n<li>Rankbach Rangers<\/li>\n\n\n\n<li>SG Schurwald<\/li>\n\n\n\n<li>BHC Lechfeld Kobras<\/li>\n\n\n\n<li>Beach Panthers Karlsruhe<\/li>\n\n\n\n<li>12 Monkeys K\u00f6ln Talents<\/li>\n\n\n\n<li>Beach TiGers Geislingen U21<\/li>\n\n\n\n<li>Beach TiGers Geislingen<\/li>\n\n\n\n<li>Beach Eagles<\/li>\n\n\n\n<li>Ortenauer Roosters<\/li>\n\n\n\n<li>DDD &amp; Freinds<\/li>\n<\/ol>\n\n\n\n<p><\/p>\n\n\n\n<p><\/p>\n\n\n\n<p><\/p>\n\n\n\n<p><strong>Frauen FUN<\/strong><\/p>\n\n\n\n<div class=\"wp-block-group\"><div class=\"wp-block-group__inner-container is-layout-constrained wp-block-group-is-layout-constrained\">\n<ol class=\"wp-block-list\">\n<li>LPZ Aperoliker<\/li>\n\n\n\n<li>Hey Wickie!<\/li>\n\n\n\n<li>Mein Lieblingsteam<\/li>\n\n\n\n<li>Sandelsalamander<\/li>\n\n\n\n<li>Ebse Karl Frauen<\/li>\n\n\n\n<li>Jangos<\/li>\n\n\n\n<li>Foxes<\/li>\n\n\n\n<li>Papas Prinzessinnen<\/li>\n\n\n\n<li>SG Seemost<\/li>\n\n\n\n<li>Sandiletten<\/li>\n\n\n\n<li>SG Cini Minis<\/li>\n\n\n\n<li>Bella Napoli<\/li>\n\n\n\n<li>Young Despos<\/li>\n\n\n\n<li>Tratsch Tornados<\/li>\n\n\n\n<li>Golden Agers<\/li>\n\n\n\n<li>Caipiranhas Beachhandball Club<\/li>\n\n\n\n<li>Babsis Bitches<\/li>\n\n\n\n<li>Frankie River<\/li>\n\n\n\n<li>TSV Wasserball<\/li>\n\n\n\n<li>SC Lehrjungfrauen<\/li>\n<\/ol>\n\n\n\n<p><\/p>\n<\/div><\/div>\n\n\n\n<p><strong>M\u00e4nner FUN<\/strong><\/p>\n\n\n\n<ol class=\"wp-block-list\">\n<li>Weilheimer Igels<\/li>\n\n\n\n<li>HC Dulla<\/li>\n\n\n\n<li>JST Diginights<\/li>\n\n\n\n<li>BeachTeam VollGasAtzen<\/li>\n\n\n\n<li>TurBieneMaja<\/li>\n\n\n\n<li>Beach Boys Schlat<\/li>\n\n\n\n<li>2. BBC ImPoSand<\/li>\n\n\n\n<li>Blauwale<\/li>\n\n\n\n<li>1. BBC ImPoSand<\/li>\n\n\n\n<li>TVSpa\u00dfhausen<\/li>\n\n\n\n<li>Kreisliga Allstars<\/li>\n\n\n\n<li>SG Weinstadt<\/li>\n\n\n\n<li>Ackergaul<\/li>\n\n\n\n<li>Dynamo Sand im Po<\/li>\n\n\n\n<li>BierBauchBande<\/li>\n\n\n\n<li>Ebse Karl M\u00e4nner<\/li>\n\n\n\n<li>Lurchis<\/li>\n\n\n\n<li>Schlamber &amp; Friends<\/li>\n\n\n\n<li>2BH<\/li>\n\n\n\n<li>Kr\u00e4scheis<\/li>\n\n\n\n<li>Tahiti Boys<\/li>\n\n\n\n<li>Bildungszentrum &amp; friends<\/li>\n\n\n\n<li>Wadahadnschuhs<\/li>\n\n\n\n<li>HCB Aperitivo<\/li>\n\n\n\n<li>SV Er trifft eh nicht<\/li>\n<\/ol>\n\n\n\n<p><\/p>\n","protected":false},"excerpt":{"rendered":"<p>DOWNLOAD&#8230;. alle Infos&#8230;. Ausschreibung 2026 Wichtig: Kontoname: VEREIN ZUR F\u00d6RDERUNG DES HAND-BALLSPORTS IN BARTENBACH (Sonst kann diese Fehlermeldung kommen: Abweichung bei der Empf\u00e4nger\u00fcberpr\u00fcfung) #####M\u00e4nner \/ Frauen FUN######WARTELISTE######M\u00e4nner \/ Frauen FUN######WARTELISTE###### bei Fragen bitte an: beachturnier@tsvbartenbach.de Dabei sind: GBO Frauen GBO M\u00e4nner Frauen FUN M\u00e4nner FUN<\/p>\n","protected":false},"author":4,"featured_media":0,"parent":0,"menu_order":0,"comment_status":"closed","ping_status":"closed","template":"","meta":{"footnotes":""},"class_list":["post-6030","page","type-page","status-publish","hentry"],"_links":{"self":[{"href":"https:\/\/www.bartenbeach.de\/index.php?rest_route=\/wp\/v2\/pages\/6030","targetHints":{"allow":["GET"]}}],"collection":[{"href":"https:\/\/www.bartenbeach.de\/index.php?rest_route=\/wp\/v2\/pages"}],"about":[{"href":"https:\/\/www.bartenbeach.de\/index.php?rest_route=\/wp\/v2\/types\/page"}],"author":[{"embeddable":true,"href":"https:\/\/www.bartenbeach.de\/index.php?rest_route=\/wp\/v2\/users\/4"}],"replies":[{"embeddable":true,"href":"https:\/\/www.bartenbeach.de\/index.php?rest_route=%2Fwp%2Fv2%2Fcomments&post=6030"}],"version-history":[{"count":294,"href":"https:\/\/www.bartenbeach.de\/index.php?rest_route=\/wp\/v2\/pages\/6030\/revisions"}],"predecessor-version":[{"id":12009,"href":"https:\/\/www.bartenbeach.de\/index.php?rest_route=\/wp\/v2\/pages\/6030\/revisions\/12009"}],"wp:attachment":[{"href":"https:\/\/www.bartenbeach.de\/index.php?rest_route=%2Fwp%2Fv2%2Fmedia&parent=6030"}],"curies":[{"name":"wp","href":"https:\/\/api.w.org\/{rel}","templated":true}]}}