{"id":290,"date":"2011-10-22T18:16:45","date_gmt":"2011-10-22T18:16:45","guid":{"rendered":"http:\/\/papa-power-goeppingen.de\/runningwheels\/"},"modified":"2026-04-13T23:42:24","modified_gmt":"2026-04-13T21:42:24","slug":"tennis","status":"publish","type":"page","link":"https:\/\/www.bartenbeach.de\/?page_id=290","title":{"rendered":"Tennis"},"content":{"rendered":"<p><strong>Liebe Tennisspielerinnen, liebe Tennisspieler,<br \/><\/strong><br \/>in Bartenbach haben wir seit 1979 eine selbst\u00e4ndige Tennisabteilung innerhalb des TSV Bartenbach.<\/p>\n<p>Unser Abteilungsvorstand setzt sich wie folgt zusammen:<\/p>\n<p><strong>Abteilungsvorstand<\/strong>:<\/p>\n<p>G\u00fcnter Weiler<\/p>\n<p>Telefon: 07161\/72221, Telefax 07161\/6548584<\/p>\n<p>e-mail: weiler.g@online.de<\/p>\n<p><strong>Stellvertretender Abteilungsvorstand<\/strong>:<\/p>\n<p>Gerhard Schreier<\/p>\n<p>Telefon: 07172\/22042<\/p>\n<p>e-mail: g.schreier@schreier-technik.de<\/p>\n<p><strong>Kassier<\/strong>:<\/p>\n<p>Peter Fuchs<\/p>\n<p>handy: 0152-04165638<\/p>\n<p>e-mail: speziale70@web.de<\/p>\n<p><strong>Schriftf\u00fchrer<\/strong>:<\/p>\n<p>Volker Haas<\/p>\n<p>e-mail: haas.schniertshauser@t-online.de<\/p>\n<p><strong>Sportwart<\/strong>:<\/p>\n<p>Heinz Eberle<\/p>\n<p>e-mail: h.g.eberle@gmx.de<\/p>\n<p><strong>Beisitzer<\/strong>:<\/p>\n<p>Werner Lack<\/p>\n<p>e-mail: wca.lack@web.de<\/p>\n<p>Matthias Nemeth<\/p>\n<p>e-mail: matthiasnemeth@web.de<\/p>\n<p>Rolf Henning<\/p>\n<p>e-mail: elligaedicke.rolfhenning@t-online.de<\/p>\n<p>Hans-Robert M\u00fcller<\/p>\n<p>e-mail: muellerhansrobert@t-online.de<\/p>\n<p>Wir sind alle zusammen eine nette Truppe und stehen Neuzug\u00e4ngen offen gegen\u00fcber. Neumitglieder k\u00f6nnen sich auf Wunsch einem \u201eTennispaten\u201c, anschlie\u00dfen, der f\u00fcr erste Matche zur Verf\u00fcgung steht und auch Kontakte zu weiteren Vereinsmitgliedern herstellt.<\/p>\n<p><strong><em>Schnuppermitgliedschaften werden auch dieses Jahr wieder angeboten.<\/em><\/strong><em> <strong>Info und Auskunft bei Schatzmeister Peter Fuchs.<\/strong><\/em><\/p>\n<p><strong><em>Fragen oder weitere Ausk\u00fcnfte erhalten Sie gerne von o. g. Vorstandsmitgliedern.<\/em><\/strong><\/p>\n<p><a href=\"https:\/\/www.bartenbeach.de\/wp-content\/uploads\/2026\/04\/2026-Tennis-Aufnahmeantrag.pdf\" target=\"_blank\" rel=\"noopener\"><strong>.<\/strong><strong>&#8230;..zum Aufnahmeantrag <\/strong><strong>&lt;download&gt;<\/strong><\/a><\/p>\n\n\n<p><\/p>\n","protected":false},"excerpt":{"rendered":"<p>Liebe Tennisspielerinnen, liebe Tennisspieler,in Bartenbach haben wir seit 1979 eine selbst\u00e4ndige Tennisabteilung innerhalb des TSV Bartenbach. Unser Abteilungsvorstand setzt sich wie folgt zusammen: Abteilungsvorstand: G\u00fcnter Weiler Telefon: 07161\/72221, Telefax 07161\/6548584 e-mail: weiler.g@online.de Stellvertretender Abteilungsvorstand: Gerhard Schreier Telefon: 07172\/22042 e-mail: g.schreier@schreier-technik.de Kassier: Peter Fuchs handy: 0152-04165638 e-mail: speziale70@web.de Schriftf\u00fchrer: Volker Haas e-mail: haas.schniertshauser@t-online.de Sportwart: Heinz Eberle &hellip; <a href=\"https:\/\/www.bartenbeach.de\/?page_id=290\" class=\"more-link\"><span class=\"screen-reader-text\">Tennis<\/span> weiterlesen <span class=\"meta-nav\">&rarr;<\/span><\/a><\/p>\n","protected":false},"author":4,"featured_media":0,"parent":284,"menu_order":0,"comment_status":"closed","ping_status":"closed","template":"","meta":{"footnotes":""},"class_list":["post-290","page","type-page","status-publish","hentry"],"_links":{"self":[{"href":"https:\/\/www.bartenbeach.de\/index.php?rest_route=\/wp\/v2\/pages\/290","targetHints":{"allow":["GET"]}}],"collection":[{"href":"https:\/\/www.bartenbeach.de\/index.php?rest_route=\/wp\/v2\/pages"}],"about":[{"href":"https:\/\/www.bartenbeach.de\/index.php?rest_route=\/wp\/v2\/types\/page"}],"author":[{"embeddable":true,"href":"https:\/\/www.bartenbeach.de\/index.php?rest_route=\/wp\/v2\/users\/4"}],"replies":[{"embeddable":true,"href":"https:\/\/www.bartenbeach.de\/index.php?rest_route=%2Fwp%2Fv2%2Fcomments&post=290"}],"version-history":[{"count":23,"href":"https:\/\/www.bartenbeach.de\/index.php?rest_route=\/wp\/v2\/pages\/290\/revisions"}],"predecessor-version":[{"id":12032,"href":"https:\/\/www.bartenbeach.de\/index.php?rest_route=\/wp\/v2\/pages\/290\/revisions\/12032"}],"up":[{"embeddable":true,"href":"https:\/\/www.bartenbeach.de\/index.php?rest_route=\/wp\/v2\/pages\/284"}],"wp:attachment":[{"href":"https:\/\/www.bartenbeach.de\/index.php?rest_route=%2Fwp%2Fv2%2Fmedia&parent=290"}],"curies":[{"name":"wp","href":"https:\/\/api.w.org\/{rel}","templated":true}]}}