{"id":2379,"date":"2012-12-09T23:29:31","date_gmt":"2012-12-09T22:29:31","guid":{"rendered":"http:\/\/www.bartenbeach.de\/?page_id=2379"},"modified":"2018-09-26T22:26:56","modified_gmt":"2018-09-26T20:26:56","slug":"mja","status":"publish","type":"page","link":"https:\/\/www.bartenbeach.de\/?page_id=2379","title":{"rendered":"mJA"},"content":{"rendered":"<h2><a href=\"https:\/\/www.bartenbeach.de\/wp-content\/uploads\/2018\/09\/Am\u00e4nnlich_1.jpg\" target=\"_blank\" rel=\"noopener\"><img loading=\"lazy\" decoding=\"async\" class=\"aligncenter wp-image-7457 size-large\" src=\"https:\/\/www.bartenbeach.de\/wp-content\/uploads\/2018\/09\/Am\u00e4nnlich_1-1024x731.jpg\" alt=\"\" width=\"620\" height=\"443\" \/><\/a><\/h2>\n<h3><\/h3>\n<h2 class=\"ng-binding\" style=\"text-align: center;\"><a href=\"https:\/\/www.hvw-online.org\/spielbetrieb\/ergebnissetabellen\/#\/league?ogId=3&amp;lId=36679\">Handballverband W\u00fcrttemberg<\/a><\/h2>\n<h2 class=\"ng-binding\" style=\"text-align: center;\"><a href=\"https:\/\/www.hvw-online.org\/spielbetrieb\/ergebnissetabellen\/#\/league?ogId=3&amp;lId=36679\"> <small class=\"ng-binding\">m\u00e4nnliche Jugend A W\u00fcrttemberg-Oberliga St. 2 <\/small><\/a><\/h2>\n<h2 class=\"ng-binding\" style=\"text-align: center;\"><a href=\"https:\/\/www.hvw-online.org\/spielbetrieb\/ergebnissetabellen\/#\/league?ogId=3&amp;lId=36679\"><small class=\"ng-binding\">Hallenrunde 2018\/2019<\/small><\/a><\/h2>\n<h3 class=\"ng-binding\" style=\"text-align: center;\"><\/h3>\n<p style=\"text-align: center;\">Trainer : Aron Grams und Ingrid Grams TW<\/p>\n<p>&nbsp;<\/p>\n","protected":false},"excerpt":{"rendered":"<p>Handballverband W\u00fcrttemberg m\u00e4nnliche Jugend A W\u00fcrttemberg-Oberliga St. 2 Hallenrunde 2018\/2019 Trainer : Aron Grams und Ingrid Grams TW &nbsp;<\/p>\n","protected":false},"author":4,"featured_media":0,"parent":329,"menu_order":0,"comment_status":"closed","ping_status":"closed","template":"","meta":{"footnotes":""},"class_list":["post-2379","page","type-page","status-publish","hentry"],"_links":{"self":[{"href":"https:\/\/www.bartenbeach.de\/index.php?rest_route=\/wp\/v2\/pages\/2379","targetHints":{"allow":["GET"]}}],"collection":[{"href":"https:\/\/www.bartenbeach.de\/index.php?rest_route=\/wp\/v2\/pages"}],"about":[{"href":"https:\/\/www.bartenbeach.de\/index.php?rest_route=\/wp\/v2\/types\/page"}],"author":[{"embeddable":true,"href":"https:\/\/www.bartenbeach.de\/index.php?rest_route=\/wp\/v2\/users\/4"}],"replies":[{"embeddable":true,"href":"https:\/\/www.bartenbeach.de\/index.php?rest_route=%2Fwp%2Fv2%2Fcomments&post=2379"}],"version-history":[{"count":18,"href":"https:\/\/www.bartenbeach.de\/index.php?rest_route=\/wp\/v2\/pages\/2379\/revisions"}],"predecessor-version":[{"id":7472,"href":"https:\/\/www.bartenbeach.de\/index.php?rest_route=\/wp\/v2\/pages\/2379\/revisions\/7472"}],"up":[{"embeddable":true,"href":"https:\/\/www.bartenbeach.de\/index.php?rest_route=\/wp\/v2\/pages\/329"}],"wp:attachment":[{"href":"https:\/\/www.bartenbeach.de\/index.php?rest_route=%2Fwp%2Fv2%2Fmedia&parent=2379"}],"curies":[{"name":"wp","href":"https:\/\/api.w.org\/{rel}","templated":true}]}}